{"id":232,"date":"2020-04-21T10:59:28","date_gmt":"2020-04-21T08:59:28","guid":{"rendered":"https:\/\/www.sportauto-occitaniepyrenees.fr\/?page_id=232"},"modified":"2023-01-24T11:42:23","modified_gmt":"2023-01-24T10:42:23","slug":"reglements-championnat-et-challenges","status":"publish","type":"page","link":"https:\/\/www.sportauto-occitaniepyrenees.fr\/index.php\/epreuves\/reglements-championnat-et-challenges\/","title":{"rendered":"R\u00e8glements championnat et challenge"},"content":{"rendered":"\n<div class=\"wp-block-file\"><a id=\"wp-block-file--media-428bd5d8-a0cb-4087-ae6d-0e18c26a389f\" href=\"https:\/\/www.sportauto-occitaniepyrenees.fr\/wp-content\/uploads\/2020\/04\/Championnat-Ligue.pdf\" target=\"_blank\" rel=\"noreferrer noopener\">R\u00e8glement du Championnat de Ligue du Sport Automobile Occitanie Pyr\u00e9n\u00e9es<\/a><a href=\"https:\/\/www.sportauto-occitaniepyrenees.fr\/wp-content\/uploads\/2020\/04\/Championnat-Ligue.pdf\" class=\"wp-block-file__button wp-element-button\" download aria-describedby=\"wp-block-file--media-428bd5d8-a0cb-4087-ae6d-0e18c26a389f\">T\u00e9l\u00e9charger<\/a><\/div>\n\n\n\n<div class=\"wp-block-file\"><a id=\"wp-block-file--media-af747921-0269-4ed8-b2bd-3b40c6447686\" href=\"https:\/\/www.sportauto-occitaniepyrenees.fr\/wp-content\/uploads\/2020\/04\/Challenge-des-Commissaires.pdf\" target=\"_blank\" rel=\"noreferrer noopener\">R\u00e8glement du Challenge des Commissaires<\/a><a href=\"https:\/\/www.sportauto-occitaniepyrenees.fr\/wp-content\/uploads\/2020\/04\/Challenge-des-Commissaires.pdf\" class=\"wp-block-file__button wp-element-button\" download aria-describedby=\"wp-block-file--media-af747921-0269-4ed8-b2bd-3b40c6447686\">T\u00e9l\u00e9charger<\/a><\/div>\n\n\n\n<div class=\"wp-block-file\"><a id=\"wp-block-file--media-b1465dbb-3532-4216-9248-6fca129b461d\" href=\"https:\/\/www.sportauto-occitaniepyrenees.fr\/wp-content\/uploads\/2021\/06\/Reglement-Challenge-VHC-2021.pdf\" target=\"_blank\" rel=\"noreferrer noopener\">R\u00e8glement Challenge VHC<\/a><a href=\"https:\/\/www.sportauto-occitaniepyrenees.fr\/wp-content\/uploads\/2021\/06\/Reglement-Challenge-VHC-2021.pdf\" class=\"wp-block-file__button wp-element-button\" download aria-describedby=\"wp-block-file--media-b1465dbb-3532-4216-9248-6fca129b461d\">T\u00e9l\u00e9charger<\/a><\/div>\n\n\n\n<p><\/p>\n","protected":false},"excerpt":{"rendered":"","protected":false},"author":1,"featured_media":0,"parent":237,"menu_order":3,"comment_status":"closed","ping_status":"closed","template":"","meta":{"_monsterinsights_skip_tracking":false,"_monsterinsights_sitenote_active":false,"_monsterinsights_sitenote_note":"","_monsterinsights_sitenote_category":0,"footnotes":""},"class_list":["post-232","page","type-page","status-publish","hentry"],"_links":{"self":[{"href":"https:\/\/www.sportauto-occitaniepyrenees.fr\/index.php\/wp-json\/wp\/v2\/pages\/232","targetHints":{"allow":["GET"]}}],"collection":[{"href":"https:\/\/www.sportauto-occitaniepyrenees.fr\/index.php\/wp-json\/wp\/v2\/pages"}],"about":[{"href":"https:\/\/www.sportauto-occitaniepyrenees.fr\/index.php\/wp-json\/wp\/v2\/types\/page"}],"author":[{"embeddable":true,"href":"https:\/\/www.sportauto-occitaniepyrenees.fr\/index.php\/wp-json\/wp\/v2\/users\/1"}],"replies":[{"embeddable":true,"href":"https:\/\/www.sportauto-occitaniepyrenees.fr\/index.php\/wp-json\/wp\/v2\/comments?post=232"}],"version-history":[{"count":4,"href":"https:\/\/www.sportauto-occitaniepyrenees.fr\/index.php\/wp-json\/wp\/v2\/pages\/232\/revisions"}],"predecessor-version":[{"id":3163,"href":"https:\/\/www.sportauto-occitaniepyrenees.fr\/index.php\/wp-json\/wp\/v2\/pages\/232\/revisions\/3163"}],"up":[{"embeddable":true,"href":"https:\/\/www.sportauto-occitaniepyrenees.fr\/index.php\/wp-json\/wp\/v2\/pages\/237"}],"wp:attachment":[{"href":"https:\/\/www.sportauto-occitaniepyrenees.fr\/index.php\/wp-json\/wp\/v2\/media?parent=232"}],"curies":[{"name":"wp","href":"https:\/\/api.w.org\/{rel}","templated":true}]}}