{"id":1004,"date":"2020-06-13T15:13:47","date_gmt":"2020-06-13T13:13:47","guid":{"rendered":"https:\/\/www.sportauto-occitaniepyrenees.fr\/?page_id=1004"},"modified":"2021-03-15T11:41:58","modified_gmt":"2021-03-15T10:41:58","slug":"procedures","status":"publish","type":"page","link":"https:\/\/www.sportauto-occitaniepyrenees.fr\/index.php\/epreuves\/procedures\/","title":{"rendered":"Proc\u00e9dures"},"content":{"rendered":"\n<p>L&rsquo;ensemble des proc\u00e9dures mises \u00e0 votre disposition par la Ligue du Sport Automobile Occitanie Pyr\u00e9n\u00e9es.<\/p>\n\n\n\n<div style=\"height:20px\" aria-hidden=\"true\" class=\"wp-block-spacer\"><\/div>\n\n\n<style>.wp-block-kadence-advancedbtn.kb-btns_c24ead-04{gap:var(--global-kb-gap-xs, 0.5rem );justify-content:center;align-items:center;}.kt-btns_c24ead-04 .kt-button{font-weight:normal;font-style:normal;}.kt-btns_c24ead-04 .kt-btn-wrap-0{margin-right:5px;}.wp-block-kadence-advancedbtn.kt-btns_c24ead-04 .kt-btn-wrap-0 .kt-button{color:#555555;border-color:#555555;}.wp-block-kadence-advancedbtn.kt-btns_c24ead-04 .kt-btn-wrap-0 .kt-button:hover, .wp-block-kadence-advancedbtn.kt-btns_c24ead-04 .kt-btn-wrap-0 .kt-button:focus{color:#ffffff;border-color:#444444;}.wp-block-kadence-advancedbtn.kt-btns_c24ead-04 .kt-btn-wrap-0 .kt-button::before{display:none;}.wp-block-kadence-advancedbtn.kt-btns_c24ead-04 .kt-btn-wrap-0 .kt-button:hover, .wp-block-kadence-advancedbtn.kt-btns_c24ead-04 .kt-btn-wrap-0 .kt-button:focus{background:#00a3c8;}<\/style>\n<div class=\"wp-block-kadence-advancedbtn kt-btn-align-center kt-btn-tablet-align-inherit kt-btn-mobile-align-inherit kt-btns-wrap kt-btns_c24ead-04\"><div class=\"kt-btn-wrap kt-btn-wrap-0\"><a class=\"kt-button button kt-btn-0-action kt-btn-size-standard kt-btn-style-basic kt-btn-svg-show-always kt-btn-has-text-true kt-btn-has-svg-false\" href=\"https:\/\/www.sportauto-occitaniepyrenees.fr\/wp-content\/uploads\/2020\/06\/C-Cheminement-dossiers-Epreuves-Nationale-sur-circuits-homologu\u00e9s.pdf\" target=\"_blank\" rel=\"noreferrer noopener\"><span class=\"kt-btn-inner-text\">Cheminement des dossiers \u00e9preuves sur circuits homologu\u00e9s<\/span><\/a><\/div><\/div>\n\n\n\n<div style=\"height:40px\" aria-hidden=\"true\" class=\"wp-block-spacer\"><\/div>\n\n\n<style>.wp-block-kadence-advancedbtn.kb-btns_83ef06-29{gap:var(--global-kb-gap-xs, 0.5rem );justify-content:center;align-items:center;}.kt-btns_83ef06-29 .kt-button{font-weight:normal;font-style:normal;}.kt-btns_83ef06-29 .kt-btn-wrap-0{margin-right:5px;}.wp-block-kadence-advancedbtn.kt-btns_83ef06-29 .kt-btn-wrap-0 .kt-button{color:#555555;border-color:#555555;}.wp-block-kadence-advancedbtn.kt-btns_83ef06-29 .kt-btn-wrap-0 .kt-button:hover, .wp-block-kadence-advancedbtn.kt-btns_83ef06-29 .kt-btn-wrap-0 .kt-button:focus{color:#ffffff;border-color:#444444;}.wp-block-kadence-advancedbtn.kt-btns_83ef06-29 .kt-btn-wrap-0 .kt-button::before{display:none;}.wp-block-kadence-advancedbtn.kt-btns_83ef06-29 .kt-btn-wrap-0 .kt-button:hover, .wp-block-kadence-advancedbtn.kt-btns_83ef06-29 .kt-btn-wrap-0 .kt-button:focus{background:#00a3c8;}<\/style>\n<div class=\"wp-block-kadence-advancedbtn kt-btn-align-center kt-btn-tablet-align-inherit kt-btn-mobile-align-inherit kt-btns-wrap kt-btns_83ef06-29\"><div class=\"kt-btn-wrap kt-btn-wrap-0\"><a class=\"kt-button button kt-btn-0-action kt-btn-size-standard kt-btn-style-basic kt-btn-svg-show-always kt-btn-has-text-true kt-btn-has-svg-false\" href=\"https:\/\/www.sportauto-occitaniepyrenees.fr\/wp-content\/uploads\/2020\/06\/N-Cheminement-dossiers-Epreuves-Nationale-SUR-ROUTE.pdf\" target=\"_blank\" rel=\"noreferrer noopener\"><span class=\"kt-btn-inner-text\">Cheminement des dossiers \u00e9preuves nationales sur route<\/span><\/a><\/div><\/div>\n\n\n\n<div style=\"height:40px\" aria-hidden=\"true\" class=\"wp-block-spacer\"><\/div>\n\n\n<style>.wp-block-kadence-advancedbtn.kb-btns_dd1c6c-73{gap:var(--global-kb-gap-xs, 0.5rem );justify-content:center;align-items:center;}.kt-btns_dd1c6c-73 .kt-button{font-weight:normal;font-style:normal;}.kt-btns_dd1c6c-73 .kt-btn-wrap-0{margin-right:5px;}.wp-block-kadence-advancedbtn.kt-btns_dd1c6c-73 .kt-btn-wrap-0 .kt-button{color:#555555;border-color:#555555;}.wp-block-kadence-advancedbtn.kt-btns_dd1c6c-73 .kt-btn-wrap-0 .kt-button:hover, .wp-block-kadence-advancedbtn.kt-btns_dd1c6c-73 .kt-btn-wrap-0 .kt-button:focus{color:#ffffff;border-color:#444444;}.wp-block-kadence-advancedbtn.kt-btns_dd1c6c-73 .kt-btn-wrap-0 .kt-button::before{display:none;}.wp-block-kadence-advancedbtn.kt-btns_dd1c6c-73 .kt-btn-wrap-0 .kt-button:hover, .wp-block-kadence-advancedbtn.kt-btns_dd1c6c-73 .kt-btn-wrap-0 .kt-button:focus{background:#00a3c8;}<\/style>\n<div class=\"wp-block-kadence-advancedbtn kt-btn-align-center kt-btn-tablet-align-inherit kt-btn-mobile-align-inherit kt-btns-wrap kt-btns_dd1c6c-73\"><div class=\"kt-btn-wrap kt-btn-wrap-0\"><a class=\"kt-button button kt-btn-0-action kt-btn-size-standard kt-btn-style-basic kt-btn-svg-show-always kt-btn-has-text-true kt-btn-has-svg-false\" href=\"https:\/\/www.sportauto-occitaniepyrenees.fr\/wp-content\/uploads\/2020\/06\/R-Cheminement-dossiers-Epreuves-R\u00e9gionales-SUR-ROUTE.pdf\" target=\"_blank\" rel=\"noreferrer noopener\"><span class=\"kt-btn-inner-text\">Cheminement des dossiers \u00e9preuves r\u00e9gionales sur route<\/span><\/a><\/div><\/div>\n\n\n\n<p><\/p>\n","protected":false},"excerpt":{"rendered":"<p>L&rsquo;ensemble des proc\u00e9dures mises \u00e0 votre disposition par la Ligue du Sport Automobile Occitanie Pyr\u00e9n\u00e9es.<\/p>\n","protected":false},"author":2,"featured_media":0,"parent":237,"menu_order":4,"comment_status":"closed","ping_status":"closed","template":"","meta":{"_monsterinsights_skip_tracking":false,"_monsterinsights_sitenote_active":false,"_monsterinsights_sitenote_note":"","_monsterinsights_sitenote_category":0,"footnotes":""},"class_list":["post-1004","page","type-page","status-publish","hentry"],"_links":{"self":[{"href":"https:\/\/www.sportauto-occitaniepyrenees.fr\/index.php\/wp-json\/wp\/v2\/pages\/1004","targetHints":{"allow":["GET"]}}],"collection":[{"href":"https:\/\/www.sportauto-occitaniepyrenees.fr\/index.php\/wp-json\/wp\/v2\/pages"}],"about":[{"href":"https:\/\/www.sportauto-occitaniepyrenees.fr\/index.php\/wp-json\/wp\/v2\/types\/page"}],"author":[{"embeddable":true,"href":"https:\/\/www.sportauto-occitaniepyrenees.fr\/index.php\/wp-json\/wp\/v2\/users\/2"}],"replies":[{"embeddable":true,"href":"https:\/\/www.sportauto-occitaniepyrenees.fr\/index.php\/wp-json\/wp\/v2\/comments?post=1004"}],"version-history":[{"count":3,"href":"https:\/\/www.sportauto-occitaniepyrenees.fr\/index.php\/wp-json\/wp\/v2\/pages\/1004\/revisions"}],"predecessor-version":[{"id":1713,"href":"https:\/\/www.sportauto-occitaniepyrenees.fr\/index.php\/wp-json\/wp\/v2\/pages\/1004\/revisions\/1713"}],"up":[{"embeddable":true,"href":"https:\/\/www.sportauto-occitaniepyrenees.fr\/index.php\/wp-json\/wp\/v2\/pages\/237"}],"wp:attachment":[{"href":"https:\/\/www.sportauto-occitaniepyrenees.fr\/index.php\/wp-json\/wp\/v2\/media?parent=1004"}],"curies":[{"name":"wp","href":"https:\/\/api.w.org\/{rel}","templated":true}]}}